{"id":35,"date":"2019-11-06T23:01:29","date_gmt":"2019-11-06T23:01:29","guid":{"rendered":"http:\/\/sandraperez.com.mx\/?page_id=35"},"modified":"2019-11-20T21:30:04","modified_gmt":"2019-11-20T21:30:04","slug":"about-us","status":"publish","type":"page","link":"https:\/\/sandraperez.com.mx\/index.php\/about-us\/","title":{"rendered":"SOY SANDRA P\u00c9REZ"},"content":{"rendered":"\n<hr class=\"wp-block-separator\"\/>\n\n\n\n<div class=\"wp-block-image\"><figure class=\"aligncenter is-resized\"><img loading=\"lazy\" decoding=\"async\" src=\"https:\/\/sandraperez.com.mx\/wp-content\/uploads\/2019\/11\/icono-1.png\" alt=\"\" class=\"wp-image-66\" width=\"334\" height=\"27\" srcset=\"https:\/\/sandraperez.com.mx\/wp-content\/uploads\/2019\/11\/icono-1.png 463w, https:\/\/sandraperez.com.mx\/wp-content\/uploads\/2019\/11\/icono-1-300x25.png 300w\" sizes=\"auto, (max-width: 334px) 100vw, 334px\" \/><\/figure><\/div>\n\n\n\n<hr class=\"wp-block-separator\"\/>\n\n\n\n<div class=\"wp-block-media-text alignwide\" style=\"grid-template-columns:37% auto\"><figure class=\"wp-block-media-text__media\"><img loading=\"lazy\" decoding=\"async\" width=\"707\" height=\"1024\" src=\"https:\/\/sandraperez.com.mx\/wp-content\/uploads\/2019\/11\/DSC_0052-707x1024.jpg\" alt=\"\" class=\"wp-image-207\" srcset=\"https:\/\/sandraperez.com.mx\/wp-content\/uploads\/2019\/11\/DSC_0052-707x1024.jpg 707w, https:\/\/sandraperez.com.mx\/wp-content\/uploads\/2019\/11\/DSC_0052-207x300.jpg 207w, https:\/\/sandraperez.com.mx\/wp-content\/uploads\/2019\/11\/DSC_0052-768x1113.jpg 768w, https:\/\/sandraperez.com.mx\/wp-content\/uploads\/2019\/11\/DSC_0052.jpg 2034w\" sizes=\"auto, (max-width: 707px) 100vw, 707px\" \/><\/figure><div class=\"wp-block-media-text__content\">\n<h4 class=\"wp-block-heading\">&#8220;Tienes 7 segundos para causar la mejor impresi\u00f3n&#8221;<\/h4>\n\n\n\n<p class=\"has-text-color has-medium-gray-color\">Sandra P\u00e9rez_ <em>Tu coach de imagen personal.<\/em><\/p>\n<\/div><\/div>\n\n\n\n<p style=\"text-align:left\">Compartir\u00e9 contigo mi experiencia y conocimientos acerca del mundo de la imagen. <\/p>\n\n\n\n<p>Al llegar conmigo, mis clientes, en su mayor\u00eda mujeres quieren verse bien y sentirse mejor consigo mismas, mejorando su apariencia de manera discreta.<\/p>\n\n\n\n<p>Es curioso \u00bfNo? Ya que despu\u00e9s de recibir la asesor\u00eda no son la mismas.<\/p>\n\n\n\n<p style=\"text-align:left\">Me convierto en tu asesora y comenzamos, en  medida de lo posible, a trabajar en tu confianza y seguridad. Gracias a mi experiencia, he notado varios factores en com\u00fan como motivaci\u00f3n a cambiar la apariencia de cada uno de mis clientes, como el equilibrar c\u00f3mo te ves y c\u00f3mo te sientes.<\/p>\n\n\n\n<p style=\"text-align:left\"> Entonces, \u00bfPor qu\u00e9 ocultar algo tan positivo, visible y que adem\u00e1s puedes compartir?<\/p>\n\n\n\n<p style=\"text-align:left\">Te invito a marcar la diferencia, no permitas que comentarios te alejen de esa mejora personal y te impidan darte la oportunidad de manifestar lo que eres en todos los aspectos de tu vida, de manera interna y externa.<\/p>\n\n\n\n<p>No olvides que lo primero que ver\u00e1n \u00a1Ser\u00e1 a ti!<\/p>\n","protected":false},"excerpt":{"rendered":"<p>&#8220;Tienes 7 segundos para causar la mejor impresi\u00f3n&#8221; Sandra P\u00e9rez_ Tu coach de imagen personal. &hellip; <span class=\"more-button\"><a href=\"https:\/\/sandraperez.com.mx\/index.php\/about-us\/\" class=\"more-link\">Continue Reading<span class=\"screen-reader-text\">SOY SANDRA P\u00c9REZ<\/span><\/a><\/span><\/p>\n","protected":false},"author":1,"featured_media":0,"parent":0,"menu_order":0,"comment_status":"closed","ping_status":"closed","template":"","meta":{"footnotes":""},"class_list":["post-35","page","type-page","status-publish","hentry"],"_links":{"self":[{"href":"https:\/\/sandraperez.com.mx\/index.php\/wp-json\/wp\/v2\/pages\/35","targetHints":{"allow":["GET"]}}],"collection":[{"href":"https:\/\/sandraperez.com.mx\/index.php\/wp-json\/wp\/v2\/pages"}],"about":[{"href":"https:\/\/sandraperez.com.mx\/index.php\/wp-json\/wp\/v2\/types\/page"}],"author":[{"embeddable":true,"href":"https:\/\/sandraperez.com.mx\/index.php\/wp-json\/wp\/v2\/users\/1"}],"replies":[{"embeddable":true,"href":"https:\/\/sandraperez.com.mx\/index.php\/wp-json\/wp\/v2\/comments?post=35"}],"version-history":[{"count":15,"href":"https:\/\/sandraperez.com.mx\/index.php\/wp-json\/wp\/v2\/pages\/35\/revisions"}],"predecessor-version":[{"id":209,"href":"https:\/\/sandraperez.com.mx\/index.php\/wp-json\/wp\/v2\/pages\/35\/revisions\/209"}],"wp:attachment":[{"href":"https:\/\/sandraperez.com.mx\/index.php\/wp-json\/wp\/v2\/media?parent=35"}],"curies":[{"name":"wp","href":"https:\/\/api.w.org\/{rel}","templated":true}]}}