{"id":123,"date":"2019-11-19T21:38:31","date_gmt":"2019-11-19T21:38:31","guid":{"rendered":"http:\/\/sandraperez.com.mx\/?page_id=123"},"modified":"2019-11-20T16:22:17","modified_gmt":"2019-11-20T16:22:17","slug":"servicios","status":"publish","type":"page","link":"https:\/\/sandraperez.com.mx\/index.php\/servicios\/","title":{"rendered":"SERVICIOS"},"content":{"rendered":"\n<div style=\"height:100px\" aria-hidden=\"true\" class=\"wp-block-spacer\"><\/div>\n\n\n\n<div class=\"wp-block-media-text alignfull\" style=\"grid-template-columns:48% auto\"><figure class=\"wp-block-media-text__media\"><img loading=\"lazy\" decoding=\"async\" width=\"680\" height=\"410\" src=\"https:\/\/sandraperez.com.mx\/wp-content\/uploads\/2019\/11\/Servicios-01.jpg\" alt=\"\" class=\"wp-image-137\" srcset=\"https:\/\/sandraperez.com.mx\/wp-content\/uploads\/2019\/11\/Servicios-01.jpg 680w, https:\/\/sandraperez.com.mx\/wp-content\/uploads\/2019\/11\/Servicios-01-300x181.jpg 300w\" sizes=\"auto, (max-width: 680px) 100vw, 680px\" \/><\/figure><div class=\"wp-block-media-text__content\">\n<h5 class=\"wp-block-heading\">An\u00e1lisis de cabello<\/h5>\n\n\n\n<p class=\"has-text-color has-black-color\">\u00b7 Corte, color y tipo de peinado dependiendo de la ocasi\u00f3n y del tipo de vestimenta.<\/p>\n\n\n\n<p class=\"has-text-color has-black-color\">\u00b7 Reservaci\u00f3n de cita con nuestros estilistas.&nbsp;<\/p>\n\n\n\n<p class=\"has-text-color has-black-color\">&nbsp;\u00b7 Te acompa\u00f1amos al sal\u00f3n de belleza para garantizar los resultados deseados.<\/p>\n<\/div><\/div>\n\n\n\n<div style=\"height:100px\" aria-hidden=\"true\" class=\"wp-block-spacer\"><\/div>\n\n\n\n<div class=\"wp-block-media-text alignfull\" style=\"grid-template-columns:48% auto\"><figure class=\"wp-block-media-text__media\"><img loading=\"lazy\" decoding=\"async\" width=\"680\" height=\"410\" src=\"https:\/\/sandraperez.com.mx\/wp-content\/uploads\/2019\/11\/Servicios-02.jpg\" alt=\"\" class=\"wp-image-140\" srcset=\"https:\/\/sandraperez.com.mx\/wp-content\/uploads\/2019\/11\/Servicios-02.jpg 680w, https:\/\/sandraperez.com.mx\/wp-content\/uploads\/2019\/11\/Servicios-02-300x181.jpg 300w\" sizes=\"auto, (max-width: 680px) 100vw, 680px\" \/><\/figure><div class=\"wp-block-media-text__content\">\n<h5 class=\"wp-block-heading\">Maquillaje y accesorios<\/h5>\n\n\n\n<p>&nbsp;\u00b7 Analizar\u00e9 de tu tipo de rostro y te dir\u00e9 cuales son tus mejores colores para maquillarte&nbsp; de acuerdo a tu tono de piel, ojos y cabello.<\/p>\n\n\n\n<p>&nbsp;\u00b7 En cuanto a accesorios, te dir\u00e9 cuales te quedan en cuanto a tama\u00f1o, dise\u00f1o y color.<\/p>\n<\/div><\/div>\n\n\n\n<div style=\"height:100px\" aria-hidden=\"true\" class=\"wp-block-spacer\"><\/div>\n\n\n\n<div class=\"wp-block-media-text alignfull\" style=\"grid-template-columns:48% auto\"><figure class=\"wp-block-media-text__media\"><img loading=\"lazy\" decoding=\"async\" width=\"680\" height=\"410\" src=\"https:\/\/sandraperez.com.mx\/wp-content\/uploads\/2019\/11\/Servicios-04.jpg\" alt=\"\" class=\"wp-image-142\" srcset=\"https:\/\/sandraperez.com.mx\/wp-content\/uploads\/2019\/11\/Servicios-04.jpg 680w, https:\/\/sandraperez.com.mx\/wp-content\/uploads\/2019\/11\/Servicios-04-300x181.jpg 300w\" sizes=\"auto, (max-width: 680px) 100vw, 680px\" \/><\/figure><div class=\"wp-block-media-text__content\">\n<h5 class=\"wp-block-heading\">Asesor\u00eda en closet<\/h5>\n\n\n\n<p>&nbsp;\u00b7 Revisi\u00f3n y an\u00e1lisis de tu cl\u00f3set<\/p>\n\n\n\n<p>&nbsp;\u00b7 Depuraci\u00f3n de prendas no favorecedoras<\/p>\n\n\n\n<p>&nbsp;\u00b7 Determinaci\u00f3n de piezas por comprar<\/p>\n<\/div><\/div>\n\n\n\n<div style=\"height:100px\" aria-hidden=\"true\" class=\"wp-block-spacer\"><\/div>\n\n\n\n<div class=\"wp-block-media-text alignfull\" style=\"grid-template-columns:48% auto\"><figure class=\"wp-block-media-text__media\"><img loading=\"lazy\" decoding=\"async\" width=\"680\" height=\"410\" src=\"https:\/\/sandraperez.com.mx\/wp-content\/uploads\/2019\/11\/Servicios-06.jpg\" alt=\"\" class=\"wp-image-144\" srcset=\"https:\/\/sandraperez.com.mx\/wp-content\/uploads\/2019\/11\/Servicios-06.jpg 680w, https:\/\/sandraperez.com.mx\/wp-content\/uploads\/2019\/11\/Servicios-06-300x181.jpg 300w\" sizes=\"auto, (max-width: 680px) 100vw, 680px\" \/><\/figure><div class=\"wp-block-media-text__content\">\n<h5 class=\"wp-block-heading\">Compras personales<\/h5>\n\n\n\n<p>Un d\u00eda de compras donde te asesorar\u00e9 para poder elegir los outfits que m\u00e1s te favorecen (pueden ser compras presenciales o virtuales).<\/p>\n<\/div><\/div>\n\n\n\n<div style=\"height:100px\" aria-hidden=\"true\" class=\"wp-block-spacer\"><\/div>\n\n\n\n<div class=\"wp-block-media-text alignfull\" style=\"grid-template-columns:48% auto\"><figure class=\"wp-block-media-text__media\"><img loading=\"lazy\" decoding=\"async\" width=\"680\" height=\"410\" src=\"https:\/\/sandraperez.com.mx\/wp-content\/uploads\/2019\/11\/Servicios-07.jpg\" alt=\"\" class=\"wp-image-145\" srcset=\"https:\/\/sandraperez.com.mx\/wp-content\/uploads\/2019\/11\/Servicios-07.jpg 680w, https:\/\/sandraperez.com.mx\/wp-content\/uploads\/2019\/11\/Servicios-07-300x181.jpg 300w\" sizes=\"auto, (max-width: 680px) 100vw, 680px\" \/><\/figure><div class=\"wp-block-media-text__content\">\n<h5 class=\"wp-block-heading\">Asesor\u00eda de imagen y estilo<\/h5>\n\n\n\n<p>Venta de portafolio electr\u00f3nico para darte tus mejores formas, estilos y dise\u00f1os en prendas<\/p>\n<\/div><\/div>\n\n\n\n<div style=\"height:100px\" aria-hidden=\"true\" class=\"wp-block-spacer\"><\/div>\n\n\n\n<div class=\"wp-block-media-text alignfull\" style=\"grid-template-columns:48% auto\"><figure class=\"wp-block-media-text__media\"><img loading=\"lazy\" decoding=\"async\" width=\"680\" height=\"410\" src=\"https:\/\/sandraperez.com.mx\/wp-content\/uploads\/2019\/11\/Servicios-08.jpg\" alt=\"\" class=\"wp-image-146\" srcset=\"https:\/\/sandraperez.com.mx\/wp-content\/uploads\/2019\/11\/Servicios-08.jpg 680w, https:\/\/sandraperez.com.mx\/wp-content\/uploads\/2019\/11\/Servicios-08-300x181.jpg 300w\" sizes=\"auto, (max-width: 680px) 100vw, 680px\" \/><\/figure><div class=\"wp-block-media-text__content\">\n<h5 class=\"wp-block-heading\">Asesor\u00eda de an\u00e1lisis del color<\/h5>\n\n\n\n<p>Determinaci\u00f3n de tu paleta de color<\/p>\n<\/div><\/div>\n\n\n\n<div style=\"height:100px\" aria-hidden=\"true\" class=\"wp-block-spacer\"><\/div>\n\n\n\n<div class=\"wp-block-media-text alignfull\" style=\"grid-template-columns:48% auto\"><figure class=\"wp-block-media-text__media\"><img loading=\"lazy\" decoding=\"async\" width=\"680\" height=\"410\" src=\"https:\/\/sandraperez.com.mx\/wp-content\/uploads\/2019\/11\/Servicios-09.jpg\" alt=\"\" class=\"wp-image-147\" srcset=\"https:\/\/sandraperez.com.mx\/wp-content\/uploads\/2019\/11\/Servicios-09.jpg 680w, https:\/\/sandraperez.com.mx\/wp-content\/uploads\/2019\/11\/Servicios-09-300x181.jpg 300w\" sizes=\"auto, (max-width: 680px) 100vw, 680px\" \/><\/figure><div class=\"wp-block-media-text__content\">\n<h5 class=\"wp-block-heading\">Make over<\/h5>\n\n\n\n<p>\u00b7 Corte y\/o color de cabello<\/p>\n\n\n\n<p>\u00b7 Asesor\u00eda en closet<\/p>\n\n\n\n<p>\u00b7 Asesor\u00eda en compras inteligentes&nbsp;<\/p>\n<\/div><\/div>\n","protected":false},"excerpt":{"rendered":"<p>An\u00e1lisis de cabello \u00b7 Corte, color y tipo de peinado dependiendo de la ocasi\u00f3n y &hellip; <span class=\"more-button\"><a href=\"https:\/\/sandraperez.com.mx\/index.php\/servicios\/\" class=\"more-link\">Continue Reading<span class=\"screen-reader-text\">SERVICIOS<\/span><\/a><\/span><\/p>\n","protected":false},"author":1,"featured_media":0,"parent":0,"menu_order":0,"comment_status":"closed","ping_status":"closed","template":"","meta":{"footnotes":""},"class_list":["post-123","page","type-page","status-publish","hentry"],"_links":{"self":[{"href":"https:\/\/sandraperez.com.mx\/index.php\/wp-json\/wp\/v2\/pages\/123","targetHints":{"allow":["GET"]}}],"collection":[{"href":"https:\/\/sandraperez.com.mx\/index.php\/wp-json\/wp\/v2\/pages"}],"about":[{"href":"https:\/\/sandraperez.com.mx\/index.php\/wp-json\/wp\/v2\/types\/page"}],"author":[{"embeddable":true,"href":"https:\/\/sandraperez.com.mx\/index.php\/wp-json\/wp\/v2\/users\/1"}],"replies":[{"embeddable":true,"href":"https:\/\/sandraperez.com.mx\/index.php\/wp-json\/wp\/v2\/comments?post=123"}],"version-history":[{"count":12,"href":"https:\/\/sandraperez.com.mx\/index.php\/wp-json\/wp\/v2\/pages\/123\/revisions"}],"predecessor-version":[{"id":171,"href":"https:\/\/sandraperez.com.mx\/index.php\/wp-json\/wp\/v2\/pages\/123\/revisions\/171"}],"wp:attachment":[{"href":"https:\/\/sandraperez.com.mx\/index.php\/wp-json\/wp\/v2\/media?parent=123"}],"curies":[{"name":"wp","href":"https:\/\/api.w.org\/{rel}","templated":true}]}}